{"id":8647,"date":"2020-07-29T19:43:53","date_gmt":"2020-07-29T17:43:53","guid":{"rendered":"https:\/\/mro.si\/mojster-joza-bertoncelj\/"},"modified":"2020-07-31T15:49:41","modified_gmt":"2020-07-31T13:49:41","slug":"master-joza-bertoncelj","status":"publish","type":"page","link":"https:\/\/mro.si\/en\/master-joza-bertoncelj","title":{"rendered":"Master Jo\u017ea Bertoncelj (1901\u20131976)"},"content":{"rendered":"<p><div class=\"fusion-fullwidth fullwidth-box fusion-builder-row-1 nonhundred-percent-fullwidth non-hundred-percent-height-scrolling fusion-equal-height-columns\" style=\"--awb-border-radius-top-left:0px;--awb-border-radius-top-right:0px;--awb-border-radius-bottom-right:0px;--awb-border-radius-bottom-left:0px;--awb-margin-bottom:-10px;--awb-background-color:#f2f2f2;--awb-flex-wrap:wrap;\" ><div class=\"fusion-builder-row fusion-row\"><div class=\"fusion-layout-column fusion_builder_column fusion-builder-column-0 fusion_builder_column_1_1 1_1 fusion-one-full fusion-column-first fusion-column-last\" style=\"--awb-bg-size:cover;\"><div class=\"fusion-column-wrapper fusion-column-has-shadow fusion-flex-column-wrapper-legacy\"><div class=\"fusion-text fusion-text-1\"><h6><a href=\"https:\/\/mro.si\/en\/\">Home<\/a> \/ <a href=\"https:\/\/mro.si\/en\/exhibitions\/master-joza-bertoncelj-artistic-blacksmith\/?portfolioCats=165\">Permanent Exhibition about Jo\u017ea Bertoncelj<\/a> \/ Master Jo\u017ea Bertoncelj (1901\u20131976)<\/h6>\n<\/div><div class=\"fusion-sep-clear\"><\/div><div class=\"fusion-separator fusion-full-width-sep\" style=\"margin-left: auto;margin-right: auto;margin-top:5px;width:100%;\"><\/div><div class=\"fusion-sep-clear\"><\/div><div class=\"fusion-title title fusion-title-1 fusion-sep-none fusion-title-text fusion-title-size-two\" style=\"--awb-margin-top-small:0px;--awb-margin-right-small:0px;--awb-margin-bottom-small:0px;--awb-margin-left-small:0px;--awb-font-size:36px;\"><h2 class=\"fusion-title-heading title-heading-left fusion-responsive-typography-calculated\" style=\"margin:0;font-size:1em;--fontSize:36;line-height:1.06;\">Master Jo\u017ea Bertoncelj (1901\u20131976)<\/h2><\/div><div class=\"fusion-sep-clear\"><\/div><div class=\"fusion-separator fusion-no-medium-visibility fusion-no-large-visibility fusion-full-width-sep\" style=\"margin-left: auto;margin-right: auto;margin-top:10px;margin-bottom:2px;width:100%;\"><\/div><div class=\"fusion-sep-clear\"><\/div><div class=\"fusion-clearfix\"><\/div><\/div><\/div><\/div><\/div><div class=\"fusion-fullwidth fullwidth-box fusion-builder-row-2 nonhundred-percent-fullwidth non-hundred-percent-height-scrolling\" style=\"--awb-border-radius-top-left:0px;--awb-border-radius-top-right:0px;--awb-border-radius-bottom-right:0px;--awb-border-radius-bottom-left:0px;--awb-flex-wrap:wrap;\" ><div class=\"fusion-builder-row fusion-row\"><div class=\"fusion-layout-column fusion_builder_column fusion-builder-column-1 fusion_builder_column_1_1 1_1 fusion-one-full fusion-column-first fusion-column-last\" style=\"--awb-bg-size:cover;\"><div class=\"fusion-column-wrapper fusion-column-has-shadow fusion-flex-column-wrapper-legacy\"><div class=\"fusion-sep-clear\"><\/div><div class=\"fusion-separator fusion-no-small-visibility fusion-full-width-sep\" style=\"margin-left: auto;margin-right: auto;margin-top:13px;margin-bottom:12px;width:100%;\"><\/div><div class=\"fusion-sep-clear\"><\/div><div class=\"fusion-sep-clear\"><\/div><div class=\"fusion-separator fusion-no-medium-visibility fusion-no-large-visibility fusion-full-width-sep\" style=\"margin-left: auto;margin-right: auto;margin-top:3px;margin-bottom:3px;width:100%;\"><\/div><div class=\"fusion-sep-clear\"><\/div><div class=\"fusion-builder-row fusion-builder-row-inner fusion-row\"><div class=\"fusion-layout-column fusion_builder_column_inner fusion-builder-nested-column-0 fusion_builder_column_inner_1_2 1_2 fusion-one-half fusion-column-first\" style=\"--awb-bg-size:cover;width:50%;width:calc(50% - ( ( 4% ) * 0.5 ) );margin-right: 4%;\"><div class=\"fusion-column-wrapper fusion-column-has-shadow fusion-flex-column-wrapper-legacy\"><div class=\"fusion-text fusion-text-2\"><p>Jo\u017ea Bertoncelj, the most important Slovenian master of modern iron design, began his career in Kropa at the Plamen Metal Cooperative as a draftsman in an artistic blacksmithing workshop (founded in 1937). Before and during World War II, the workshop cooperated with architects of the Ple\u010dnik School of Architecture, and equipped a number of public buildings with wrought iron products. Bertoncelj\u2019s first plans for trade in wrought iron products were designed in the so-called national style and based on examples from foreign literature.<\/p>\n<\/div><div class=\"fusion-text fusion-text-3\"><p>In 1939, Bertoncelj attended a drawing course with the architect France Toma\u017ei\u010d. Following World War II, he took over the position of master of the artistic iron workshop at the Plamen Screw and Nail Factory, successor to the pre-war cooperative. Many products, especially typical Kropa candlesticks, chandeliers, etc. were designed for sale in the &#8216;Dom&#8217; home and handicraft shop in Ljubljana. The authors of the designs were Jo\u017ea Bertoncelj, and later the architect Marjan Ga\u0161per\u0161i\u010d and graduates of the School of Artistic Metallurgy in Kropa.<\/p>\n<\/div><div class=\"fusion-text fusion-text-4\"><p>Jo\u017ea Bertoncelj finally devoted himself to the independent design of iron during his work at the Institute of Metallurgy in Ljubljana (1953\u20131955). In the workshop of the institute, he forged a monumental skeleton of a hostage in 1954, which is part of a memorial designed by the architect Boris Kobe in the area of the former labour camp in Ljubelj above Tr\u017ei\u010d. During this period, he received the status of a freelance designer and the title of master. He was a member of the Designers&#8217; Society of Slovenia since its founding in 1951.<\/p>\n<\/div><div class=\"fusion-text fusion-text-5\"><p>After 1956, he first worked in Kamna Gorica and then finally in Kropa. The quality peak of this period is represented by wrought iron window nets and mouldings, especially wrought dragons, masks and ram heads. In 1960, according to the plans of Boris Kobe, he made fourteen wrought iron dragons for the Institute for the Regulation of the Old City Core of Ljubljana. They were originally located next to the lamps on the embankment of the Ljubljanica river. Bertoncelj was awarded a gold medal in 1974 at the International Craft Fair in Munich for his wrought iron Christ on the cross.<\/p>\n<\/div><div class=\"fusion-text fusion-text-6\"><p>He donated a selection of his wrought iron works of art to the Iron Forging Museum in 1975. Since then, his works has been exhibited in the museum as a special collection.<\/p>\n<\/div><div class=\"fusion-clearfix\"><\/div><\/div><\/div><div class=\"fusion-layout-column fusion_builder_column_inner fusion-builder-nested-column-1 fusion_builder_column_inner_1_2 1_2 fusion-one-half fusion-column-last\" style=\"--awb-bg-size:cover;width:50%;width:calc(50% - ( ( 4% ) * 0.5 ) );\"><div class=\"fusion-column-wrapper fusion-column-has-shadow fusion-flex-column-wrapper-legacy\"><div class=\"fusion-sep-clear\"><\/div><div class=\"fusion-separator fusion-full-width-sep\" style=\"margin-left: auto;margin-right: auto;margin-top:5px;margin-bottom:5px;width:100%;\"><\/div><div class=\"fusion-sep-clear\"><\/div><div class=\"awb-gallery-wrapper awb-gallery-wrapper-1 button-span-no\"><div style=\"margin:-2px;--awb-bordersize:0px;\" class=\"fusion-gallery fusion-gallery-container fusion-grid-2 fusion-columns-total-8 fusion-gallery-layout-grid fusion-gallery-1\"><div style=\"padding:2.5px;\" class=\"fusion-grid-column fusion-gallery-column fusion-gallery-column-2 hover-type-none\"><div class=\"fusion-gallery-image\"><a href=\"https:\/\/mro.si\/mro20\/wp-content\/uploads\/2020\/07\/bertoncelj-kovana-\u017eara-Gorazd-Kav\u010di\u010d.jpg\" data-caption=\"Forged urn. Photo credits: Gorazd Kav\u010di\u010d\" rel=\"noreferrer\" data-rel=\"iLightbox[gallery_image_1]\" class=\"fusion-lightbox\" target=\"_self\"><img decoding=\"async\" src=\"https:\/\/mro.si\/mro20\/wp-content\/uploads\/2020\/07\/bertoncelj-kovana-\u017eara-Gorazd-Kav\u010di\u010d-460x295.jpg\" width=\"460\" height=\"295\" alt=\"Master Jo\u017ea Bertoncelj (1901\u20131976), artistic blacksmith from Kropa\" title=\"bertoncelj kovana \u017eara Gorazd Kav\u010di\u010d\" aria-label=\"bertoncelj kovana \u017eara Gorazd Kav\u010di\u010d\" class=\"img-responsive wp-image-8634 fusion-gallery-image-size-fixed\"  \/><\/a><\/div><\/div><div style=\"padding:2.5px;\" class=\"fusion-grid-column fusion-gallery-column fusion-gallery-column-2 hover-type-none\"><div class=\"fusion-gallery-image\"><a href=\"https:\/\/mro.si\/mro20\/wp-content\/uploads\/2020\/07\/bertoncelj-maska-inv.-\u0161t.-33-Gorazd-Kav\u010di\u010d__3632.jpg\" data-caption=\"Forged mask. Photo credits: Gorazd Kav\u010di\u010d\" rel=\"noreferrer\" data-rel=\"iLightbox[gallery_image_1]\" class=\"fusion-lightbox\" target=\"_self\"><img decoding=\"async\" src=\"https:\/\/mro.si\/mro20\/wp-content\/uploads\/2020\/07\/bertoncelj-maska-inv.-\u0161t.-33-Gorazd-Kav\u010di\u010d__3632-460x295.jpg\" width=\"460\" height=\"295\" alt=\"Master Jo\u017ea Bertoncelj (1901\u20131976), artistic blacksmith from Kropa\" title=\"Master Jo\u017ea Bertoncelj (1901\u20131976), artistic blacksmith from Kropa\" aria-label=\"Master Jo\u017ea Bertoncelj (1901\u20131976), artistic blacksmith from Kropa\" class=\"img-responsive wp-image-8636 fusion-gallery-image-size-fixed\"  \/><\/a><\/div><\/div><div class=\"clearfix\"><\/div><div style=\"padding:2.5px;\" class=\"fusion-grid-column fusion-gallery-column fusion-gallery-column-2 hover-type-none\"><div class=\"fusion-gallery-image\"><a href=\"https:\/\/mro.si\/mro20\/wp-content\/uploads\/2020\/07\/bertoncelj-razpelo-Gorazd-Kav\u010di\u010d__3645.jpg\" data-caption=\"Forged cross. Photo credits: Gorazd Kav\u010di\u010d\" rel=\"noreferrer\" data-rel=\"iLightbox[gallery_image_1]\" class=\"fusion-lightbox\" target=\"_self\"><img decoding=\"async\" src=\"https:\/\/mro.si\/mro20\/wp-content\/uploads\/2020\/07\/bertoncelj-razpelo-Gorazd-Kav\u010di\u010d__3645-460x295.jpg\" width=\"460\" height=\"295\" alt=\"Master Jo\u017ea Bertoncelj (1901\u20131976), artistic blacksmith from Kropa\" title=\"Master Jo\u017ea Bertoncelj (1901\u20131976), artistic blacksmith from Kropa\" aria-label=\"Master Jo\u017ea Bertoncelj (1901\u20131976), artistic blacksmith from Kropa\" class=\"img-responsive wp-image-8638 fusion-gallery-image-size-fixed\"  \/><\/a><\/div><\/div><div style=\"padding:2.5px;\" class=\"fusion-grid-column fusion-gallery-column fusion-gallery-column-2 hover-type-none\"><div class=\"fusion-gallery-image\"><a href=\"https:\/\/mro.si\/mro20\/wp-content\/uploads\/2020\/07\/bertoncelj-stenski-okras-inv.-\u0161t.-39-Gorazd-Kav\u010di\u010d__6615.jpg\" data-caption=\"Wall decoration. Photo credits: Gorazd Kav\u010di\u010d\" rel=\"noreferrer\" data-rel=\"iLightbox[gallery_image_1]\" class=\"fusion-lightbox\" target=\"_self\"><img decoding=\"async\" src=\"https:\/\/mro.si\/mro20\/wp-content\/uploads\/2020\/07\/bertoncelj-stenski-okras-inv.-\u0161t.-39-Gorazd-Kav\u010di\u010d__6615-460x295.jpg\" width=\"460\" height=\"295\" alt=\"Master Jo\u017ea Bertoncelj (1901\u20131976), artistic blacksmith from Kropa\" title=\"Master Jo\u017ea Bertoncelj (1901\u20131976), artistic blacksmith from Kropa\" aria-label=\"Master Jo\u017ea Bertoncelj (1901\u20131976), artistic blacksmith from Kropa\" class=\"img-responsive wp-image-8640 fusion-gallery-image-size-fixed\"  \/><\/a><\/div><\/div><div class=\"clearfix\"><\/div><div style=\"padding:2.5px;\" class=\"fusion-grid-column fusion-gallery-column fusion-gallery-column-2 hover-type-none\"><div class=\"fusion-gallery-image\"><a href=\"https:\/\/mro.si\/mro20\/wp-content\/uploads\/2020\/07\/bertoncelj-sve\u010dnik-nv.-\u0161t.-26-Gorazd-Kav\u010di\u010d__3537.jpg\" data-caption=\"Candlestick. Photo credits: Gorazd Kav\u010di\u010d\" rel=\"noreferrer\" data-rel=\"iLightbox[gallery_image_1]\" class=\"fusion-lightbox\" target=\"_self\"><img decoding=\"async\" src=\"https:\/\/mro.si\/mro20\/wp-content\/uploads\/2020\/07\/bertoncelj-sve\u010dnik-nv.-\u0161t.-26-Gorazd-Kav\u010di\u010d__3537-460x295.jpg\" width=\"460\" height=\"295\" alt=\"Master Jo\u017ea Bertoncelj (1901\u20131976), artistic blacksmith from Kropa\" title=\"Master Jo\u017ea Bertoncelj (1901\u20131976), artistic blacksmith from Kropa\" aria-label=\"Master Jo\u017ea Bertoncelj (1901\u20131976), artistic blacksmith from Kropa\" class=\"img-responsive wp-image-8642 fusion-gallery-image-size-fixed\"  \/><\/a><\/div><\/div><div style=\"padding:2.5px;\" class=\"fusion-grid-column fusion-gallery-column fusion-gallery-column-2 hover-type-none\"><div class=\"fusion-gallery-image\"><a href=\"https:\/\/mro.si\/mro20\/wp-content\/uploads\/2020\/07\/Foto-Gorazd-Kav\u010di\u010d.jpg\" data-caption=\"Kovani zmaji. Foto: Gorazd Kav\u010di\u010d\" rel=\"noreferrer\" data-rel=\"iLightbox[gallery_image_1]\" class=\"fusion-lightbox\" target=\"_self\"><img decoding=\"async\" src=\"https:\/\/mro.si\/mro20\/wp-content\/uploads\/2020\/07\/Foto-Gorazd-Kav\u010di\u010d-460x295.jpg\" width=\"460\" height=\"295\" alt=\"Kovani zmaji\" title=\"Kovani zmaji\" aria-label=\"Kovani zmaji\" class=\"img-responsive wp-image-8623 fusion-gallery-image-size-fixed\"  \/><\/a><\/div><\/div><div class=\"clearfix\"><\/div><div style=\"padding:2.5px;\" class=\"fusion-grid-column fusion-gallery-column fusion-gallery-column-2 hover-type-none\"><div class=\"fusion-gallery-image\"><a href=\"https:\/\/mro.si\/mro20\/wp-content\/uploads\/2020\/07\/bertoncelj-ovnva-glava-inv.-\u0161t.-37-Gorazd-Kav\u010di\u010d__3650.jpg\" data-caption=\"Head of a ram. Photo credits: \" rel=\"noreferrer\" data-rel=\"iLightbox[gallery_image_1]\" class=\"fusion-lightbox\" target=\"_self\"><img decoding=\"async\" src=\"https:\/\/mro.si\/mro20\/wp-content\/uploads\/2020\/07\/bertoncelj-ovnva-glava-inv.-\u0161t.-37-Gorazd-Kav\u010di\u010d__3650-460x295.jpg\" width=\"460\" height=\"295\" alt=\"Mojster Jo\u017ea Bertoncelj (1901\u20131976)\" title=\"bertoncelj ovnva glava inv. \u0161t. 37 &#8211; Gorazd Kav\u010di\u010d__3650\" aria-label=\"bertoncelj ovnva glava inv. \u0161t. 37 &#8211; Gorazd Kav\u010di\u010d__3650\" class=\"img-responsive wp-image-8656 fusion-gallery-image-size-fixed\"  \/><\/a><\/div><\/div><div style=\"padding:2.5px;\" class=\"fusion-grid-column fusion-gallery-column fusion-gallery-column-2 hover-type-none\"><div class=\"fusion-gallery-image\"><a href=\"https:\/\/mro.si\/mro20\/wp-content\/uploads\/2020\/07\/Joz\u030ca-Bertoncelj-leta-1973_foto-arhiv-Kovas\u030ckega-muzeja-Kropa_small.jpg\" data-caption=\"Master Jo\u017ea Bertoncelj. Photo credits: Iron Forging Museum Kropa \" rel=\"noreferrer\" data-rel=\"iLightbox[gallery_image_1]\" class=\"fusion-lightbox\" target=\"_self\"><img decoding=\"async\" src=\"https:\/\/mro.si\/mro20\/wp-content\/uploads\/2020\/07\/Joz\u030ca-Bertoncelj-leta-1973_foto-arhiv-Kovas\u030ckega-muzeja-Kropa_small-460x295.jpg\" width=\"460\" height=\"295\" alt=\"Master Jo\u017ea Bertoncelj (1901\u20131976), artistic blacksmith from Kropa\" title=\"Master Jo\u017ea Bertoncelj (1901\u20131976), artistic blacksmith from Kropa\" aria-label=\"Master Jo\u017ea Bertoncelj (1901\u20131976), artistic blacksmith from Kropa\" class=\"img-responsive wp-image-8592 fusion-gallery-image-size-fixed\"  \/><\/a><\/div><\/div><div class=\"clearfix\"><\/div><\/div><\/div><div class=\"fusion-clearfix\"><\/div><\/div><\/div><\/div><div class=\"fusion-clearfix\"><\/div><\/div><\/div><\/div><\/div><\/p>\n","protected":false},"excerpt":{"rendered":"","protected":false},"author":1,"featured_media":8622,"parent":0,"menu_order":0,"comment_status":"closed","ping_status":"closed","template":"100-width.php","meta":{"footnotes":""},"class_list":["post-8647","page","type-page","status-publish","has-post-thumbnail","hentry"],"_links":{"self":[{"href":"https:\/\/mro.si\/en\/wp-json\/wp\/v2\/pages\/8647","targetHints":{"allow":["GET"]}}],"collection":[{"href":"https:\/\/mro.si\/en\/wp-json\/wp\/v2\/pages"}],"about":[{"href":"https:\/\/mro.si\/en\/wp-json\/wp\/v2\/types\/page"}],"author":[{"embeddable":true,"href":"https:\/\/mro.si\/en\/wp-json\/wp\/v2\/users\/1"}],"replies":[{"embeddable":true,"href":"https:\/\/mro.si\/en\/wp-json\/wp\/v2\/comments?post=8647"}],"version-history":[{"count":0,"href":"https:\/\/mro.si\/en\/wp-json\/wp\/v2\/pages\/8647\/revisions"}],"wp:featuredmedia":[{"embeddable":true,"href":"https:\/\/mro.si\/en\/wp-json\/wp\/v2\/media\/8622"}],"wp:attachment":[{"href":"https:\/\/mro.si\/en\/wp-json\/wp\/v2\/media?parent=8647"}],"curies":[{"name":"wp","href":"https:\/\/api.w.org\/{rel}","templated":true}]}}