{"id":6173,"date":"2019-05-09T11:51:59","date_gmt":"2019-05-09T11:51:59","guid":{"rendered":"http:\/\/petrap.webfactional.com\/izobrazevanje\/"},"modified":"2020-04-19T18:44:06","modified_gmt":"2020-04-19T16:44:06","slug":"education","status":"publish","type":"page","link":"https:\/\/mro.si\/en\/education","title":{"rendered":"Education"},"content":{"rendered":"<p><div class=\"fusion-fullwidth fullwidth-box fusion-builder-row-1 nonhundred-percent-fullwidth non-hundred-percent-height-scrolling\" style=\"--awb-border-radius-top-left:0px;--awb-border-radius-top-right:0px;--awb-border-radius-bottom-right:0px;--awb-border-radius-bottom-left:0px;--awb-margin-bottom:-10px;--awb-background-color:#f2f2f2;--awb-flex-wrap:wrap;\" ><div class=\"fusion-builder-row fusion-row\"><div class=\"fusion-layout-column fusion_builder_column fusion-builder-column-0 fusion_builder_column_1_1 1_1 fusion-one-full fusion-column-first fusion-column-last\" style=\"--awb-bg-size:cover;\"><div class=\"fusion-column-wrapper fusion-column-has-shadow fusion-flex-column-wrapper-legacy\"><div class=\"fusion-text fusion-text-1\"><h6><a href=\"\/\/mro.si\/en\/\">Home<\/a> \/ Education<\/h6>\n<\/div><div class=\"fusion-sep-clear\"><\/div><div class=\"fusion-separator fusion-full-width-sep\" style=\"margin-left: auto;margin-right: auto;margin-top:5px;width:100%;\"><\/div><div class=\"fusion-sep-clear\"><\/div><div class=\"fusion-title title fusion-title-1 fusion-sep-none fusion-title-text fusion-title-size-two\" style=\"--awb-margin-top-small:0px;--awb-margin-right-small:0px;--awb-margin-bottom-small:0px;--awb-margin-left-small:0px;--awb-font-size:36px;\"><h2 class=\"fusion-title-heading title-heading-left fusion-responsive-typography-calculated\" style=\"margin:0;font-size:1em;--fontSize:36;line-height:1.06;\">Education<\/h2><\/div><div class=\"fusion-sep-clear\"><\/div><div class=\"fusion-separator fusion-no-medium-visibility fusion-no-large-visibility fusion-full-width-sep\" style=\"margin-left: auto;margin-right: auto;margin-top:10px;margin-bottom:2px;width:100%;\"><\/div><div class=\"fusion-sep-clear\"><\/div><div class=\"fusion-clearfix\"><\/div><\/div><\/div><\/div><\/div><div class=\"fusion-fullwidth fullwidth-box fusion-builder-row-2 nonhundred-percent-fullwidth non-hundred-percent-height-scrolling\" style=\"--awb-border-radius-top-left:0px;--awb-border-radius-top-right:0px;--awb-border-radius-bottom-right:0px;--awb-border-radius-bottom-left:0px;--awb-background-color:#ffffff;--awb-border-sizes-top:0px;--awb-border-sizes-bottom:0px;--awb-flex-wrap:wrap;\" ><div class=\"fusion-builder-row fusion-row\"><div class=\"fusion-layout-column fusion_builder_column fusion-builder-column-1 fusion_builder_column_1_1 1_1 fusion-one-full fusion-column-first fusion-column-last\" style=\"--awb-bg-size:cover;--awb-margin-bottom:0px;\"><div class=\"fusion-column-wrapper fusion-column-has-shadow fusion-flex-column-wrapper-legacy\"><div class=\"fusion-sep-clear\"><\/div><div class=\"fusion-separator fusion-no-small-visibility fusion-full-width-sep\" style=\"margin-left: auto;margin-right: auto;margin-top:13px;margin-bottom:12px;width:100%;\"><\/div><div class=\"fusion-sep-clear\"><\/div><div class=\"fusion-sep-clear\"><\/div><div class=\"fusion-separator fusion-no-medium-visibility fusion-no-large-visibility fusion-full-width-sep\" style=\"margin-left: auto;margin-right: auto;margin-top:3px;margin-bottom:3px;width:100%;\"><\/div><div class=\"fusion-sep-clear\"><\/div><div class=\"fusion-builder-row fusion-builder-row-inner fusion-row\"><div class=\"fusion-layout-column fusion_builder_column_inner fusion-builder-nested-column-0 fusion_builder_column_inner_1_3 1_3 fusion-one-third fusion-column-first\" style=\"--awb-bg-size:cover;width:33.333333333333%;width:calc(33.333333333333% - ( ( 4% ) * 0.33333333333333 ) );margin-right: 4%;\"><div class=\"fusion-column-wrapper fusion-column-has-shadow fusion-flex-column-wrapper-legacy\"><div class=\"fusion-text fusion-text-2\"><p>The Radovljica Municipality Museums constantly aspire to be a welcoming interactive place catering to the needs of different audiences.<\/p>\n<\/div><div class=\"fusion-text fusion-text-3\"><p style=\"font-weight: 400;\">We provide a range of unique and meaningful experiences through\u00a0education\u00a0programs for pre-school children, primary and secondary school students,\u00a0exciting workshops for children and families and interesting guided tours and lectures\u00a0for adults.<\/p>\n<\/div><div class=\"fusion-text fusion-text-4\"><p>For more information please contact us at <strong>mro@mro.si<\/strong>.<\/p>\n<\/div><div class=\"fusion-clearfix\"><\/div><\/div><\/div><div class=\"fusion-layout-column fusion_builder_column_inner fusion-builder-nested-column-1 fusion_builder_column_inner_2_3 2_3 fusion-two-third fusion-column-last\" style=\"--awb-bg-size:cover;--awb-margin-bottom:25px;width:66.666666666667%;width:calc(66.666666666667% - ( ( 4% ) * 0.66666666666667 ) );\"><div class=\"fusion-column-wrapper fusion-column-has-shadow fusion-flex-column-wrapper-legacy\"><div class=\"awb-gallery-wrapper awb-gallery-wrapper-1 button-span-no\"><div style=\"margin:-2px;--awb-bordersize:0px;\" class=\"fusion-gallery fusion-gallery-container fusion-grid-2 fusion-columns-total-4 fusion-gallery-layout-grid fusion-gallery-1\"><div style=\"padding:2.5px;\" class=\"fusion-grid-column fusion-gallery-column fusion-gallery-column-2 hover-type-none\"><div class=\"fusion-gallery-image\"><a href=\"https:\/\/mro.si\/mro20\/wp-content\/uploads\/2020\/03\/programi-za-druzine-vodenje-radovljica.jpg\" data-caption=\"Guided tours in Radovljica&#039;s Old Town. Photo credit: Sonja Koren \" rel=\"noreferrer\" data-rel=\"iLightbox[gallery_image_1]\" class=\"fusion-lightbox\" target=\"_self\"><img decoding=\"async\" src=\"https:\/\/mro.si\/mro20\/wp-content\/uploads\/2020\/03\/programi-za-druzine-vodenje-radovljica.jpg\" width=\"1280\" height=\"853\" alt=\"\" title=\"Education\" aria-label=\"Education\" class=\"img-responsive wp-image-6124\" srcset=\"https:\/\/mro.si\/mro20\/wp-content\/uploads\/2020\/03\/programi-za-druzine-vodenje-radovljica-200x133.jpg 200w, https:\/\/mro.si\/mro20\/wp-content\/uploads\/2020\/03\/programi-za-druzine-vodenje-radovljica-400x267.jpg 400w, https:\/\/mro.si\/mro20\/wp-content\/uploads\/2020\/03\/programi-za-druzine-vodenje-radovljica-600x400.jpg 600w, https:\/\/mro.si\/mro20\/wp-content\/uploads\/2020\/03\/programi-za-druzine-vodenje-radovljica-800x533.jpg 800w, https:\/\/mro.si\/mro20\/wp-content\/uploads\/2020\/03\/programi-za-druzine-vodenje-radovljica-1200x800.jpg 1200w, https:\/\/mro.si\/mro20\/wp-content\/uploads\/2020\/03\/programi-za-druzine-vodenje-radovljica.jpg 1280w\" sizes=\"(min-width: 2200px) 100vw, (min-width: 732px) 629px, (min-width: 640px) 732px, \" \/><\/a><\/div><\/div><div style=\"padding:2.5px;\" class=\"fusion-grid-column fusion-gallery-column fusion-gallery-column-2 hover-type-none\"><div class=\"fusion-gallery-image\"><a href=\"https:\/\/mro.si\/mro20\/wp-content\/uploads\/2020\/03\/programi-za-druzine-vigenjc-Kropa.jpg\" data-caption=\"Demonstration of manual nail making in vigenjc Vice forge in Kropa. Photo credit: Sa\u0161a Florjan\u010di\u010d\" rel=\"noreferrer\" data-rel=\"iLightbox[gallery_image_1]\" class=\"fusion-lightbox\" target=\"_self\"><img decoding=\"async\" src=\"https:\/\/mro.si\/mro20\/wp-content\/uploads\/2020\/03\/programi-za-druzine-vigenjc-Kropa.jpg\" width=\"1280\" height=\"854\" alt=\"\" title=\"Education\" aria-label=\"Education\" class=\"img-responsive wp-image-6126\" srcset=\"https:\/\/mro.si\/mro20\/wp-content\/uploads\/2020\/03\/programi-za-druzine-vigenjc-Kropa-200x133.jpg 200w, https:\/\/mro.si\/mro20\/wp-content\/uploads\/2020\/03\/programi-za-druzine-vigenjc-Kropa-400x267.jpg 400w, https:\/\/mro.si\/mro20\/wp-content\/uploads\/2020\/03\/programi-za-druzine-vigenjc-Kropa-600x400.jpg 600w, https:\/\/mro.si\/mro20\/wp-content\/uploads\/2020\/03\/programi-za-druzine-vigenjc-Kropa-800x534.jpg 800w, https:\/\/mro.si\/mro20\/wp-content\/uploads\/2020\/03\/programi-za-druzine-vigenjc-Kropa-1200x801.jpg 1200w, https:\/\/mro.si\/mro20\/wp-content\/uploads\/2020\/03\/programi-za-druzine-vigenjc-Kropa.jpg 1280w\" sizes=\"(min-width: 2200px) 100vw, (min-width: 732px) 629px, (min-width: 640px) 732px, \" \/><\/a><\/div><\/div><div class=\"clearfix\"><\/div><div style=\"padding:2.5px;\" class=\"fusion-grid-column fusion-gallery-column fusion-gallery-column-2 hover-type-none\"><div class=\"fusion-gallery-image\"><a href=\"https:\/\/mro.si\/mro20\/wp-content\/uploads\/2020\/03\/programi-za-druzine-glinene-hiske.jpg\" data-caption=\"Houses Made of Clay workshop. Photo credit: Jerneja Jelov\u010dan Koselj \" rel=\"noreferrer\" data-rel=\"iLightbox[gallery_image_1]\" class=\"fusion-lightbox\" target=\"_self\"><img decoding=\"async\" src=\"https:\/\/mro.si\/mro20\/wp-content\/uploads\/2020\/03\/programi-za-druzine-glinene-hiske.jpg\" width=\"1280\" height=\"853\" alt=\"Programi za dru\u017eine\" title=\"Education\" aria-label=\"Education\" class=\"img-responsive wp-image-6128\" srcset=\"https:\/\/mro.si\/mro20\/wp-content\/uploads\/2020\/03\/programi-za-druzine-glinene-hiske-200x133.jpg 200w, https:\/\/mro.si\/mro20\/wp-content\/uploads\/2020\/03\/programi-za-druzine-glinene-hiske-400x267.jpg 400w, https:\/\/mro.si\/mro20\/wp-content\/uploads\/2020\/03\/programi-za-druzine-glinene-hiske-600x400.jpg 600w, https:\/\/mro.si\/mro20\/wp-content\/uploads\/2020\/03\/programi-za-druzine-glinene-hiske-800x533.jpg 800w, https:\/\/mro.si\/mro20\/wp-content\/uploads\/2020\/03\/programi-za-druzine-glinene-hiske-1200x800.jpg 1200w, https:\/\/mro.si\/mro20\/wp-content\/uploads\/2020\/03\/programi-za-druzine-glinene-hiske.jpg 1280w\" sizes=\"(min-width: 2200px) 100vw, (min-width: 732px) 629px, (min-width: 640px) 732px, \" \/><\/a><\/div><\/div><div style=\"padding:2.5px;\" class=\"fusion-grid-column fusion-gallery-column fusion-gallery-column-2 hover-type-none\"><div class=\"fusion-gallery-image\"><a href=\"https:\/\/mro.si\/mro20\/wp-content\/uploads\/2020\/03\/programi-za-druzine-gregorjevo.jpg\" data-caption=\"Making paper houses to mark a local custom in Kropa to welcome spring. Photo credit: Jerneja Zupan\" rel=\"noreferrer\" data-rel=\"iLightbox[gallery_image_1]\" class=\"fusion-lightbox\" target=\"_self\"><img decoding=\"async\" src=\"https:\/\/mro.si\/mro20\/wp-content\/uploads\/2020\/03\/programi-za-druzine-gregorjevo.jpg\" width=\"750\" height=\"501\" alt=\"\" title=\"Education\" aria-label=\"Education\" class=\"img-responsive wp-image-6130\" srcset=\"https:\/\/mro.si\/mro20\/wp-content\/uploads\/2020\/03\/programi-za-druzine-gregorjevo-200x134.jpg 200w, https:\/\/mro.si\/mro20\/wp-content\/uploads\/2020\/03\/programi-za-druzine-gregorjevo-400x267.jpg 400w, https:\/\/mro.si\/mro20\/wp-content\/uploads\/2020\/03\/programi-za-druzine-gregorjevo-600x401.jpg 600w, https:\/\/mro.si\/mro20\/wp-content\/uploads\/2020\/03\/programi-za-druzine-gregorjevo.jpg 750w\" sizes=\"(min-width: 2200px) 100vw, (min-width: 732px) 629px, (min-width: 640px) 732px, \" \/><\/a><\/div><\/div><div class=\"clearfix\"><\/div><\/div><\/div><div class=\"fusion-clearfix\"><\/div><\/div><\/div><\/div><div class=\"fusion-clearfix\"><\/div><\/div><\/div><\/div><\/div><\/p>\n","protected":false},"excerpt":{"rendered":"","protected":false},"author":1,"featured_media":3136,"parent":0,"menu_order":0,"comment_status":"closed","ping_status":"closed","template":"100-width.php","meta":{"footnotes":""},"class_list":["post-6173","page","type-page","status-publish","has-post-thumbnail","hentry"],"_links":{"self":[{"href":"https:\/\/mro.si\/en\/wp-json\/wp\/v2\/pages\/6173","targetHints":{"allow":["GET"]}}],"collection":[{"href":"https:\/\/mro.si\/en\/wp-json\/wp\/v2\/pages"}],"about":[{"href":"https:\/\/mro.si\/en\/wp-json\/wp\/v2\/types\/page"}],"author":[{"embeddable":true,"href":"https:\/\/mro.si\/en\/wp-json\/wp\/v2\/users\/1"}],"replies":[{"embeddable":true,"href":"https:\/\/mro.si\/en\/wp-json\/wp\/v2\/comments?post=6173"}],"version-history":[{"count":0,"href":"https:\/\/mro.si\/en\/wp-json\/wp\/v2\/pages\/6173\/revisions"}],"wp:featuredmedia":[{"embeddable":true,"href":"https:\/\/mro.si\/en\/wp-json\/wp\/v2\/media\/3136"}],"wp:attachment":[{"href":"https:\/\/mro.si\/en\/wp-json\/wp\/v2\/media?parent=6173"}],"curies":[{"name":"wp","href":"https:\/\/api.w.org\/{rel}","templated":true}]}}