{"id":5143,"date":"2019-12-05T11:34:23","date_gmt":"2019-12-05T10:34:23","guid":{"rendered":"http:\/\/petrap.webfactional.com\/dostopnost\/"},"modified":"2023-02-22T14:26:35","modified_gmt":"2023-02-22T13:26:35","slug":"accessibility","status":"publish","type":"page","link":"https:\/\/mro.si\/en\/accessibility","title":{"rendered":"Accessibility"},"content":{"rendered":"<p><div class=\"fusion-fullwidth fullwidth-box fusion-builder-row-1 nonhundred-percent-fullwidth non-hundred-percent-height-scrolling fusion-equal-height-columns\" style=\"--awb-border-radius-top-left:0px;--awb-border-radius-top-right:0px;--awb-border-radius-bottom-right:0px;--awb-border-radius-bottom-left:0px;--awb-margin-bottom:-10px;--awb-background-color:#f2f2f2;--awb-flex-wrap:wrap;\" ><div class=\"fusion-builder-row fusion-row\"><div class=\"fusion-layout-column fusion_builder_column fusion-builder-column-0 fusion_builder_column_1_1 1_1 fusion-one-full fusion-column-first fusion-column-last\" style=\"--awb-bg-size:cover;\"><div class=\"fusion-column-wrapper fusion-column-has-shadow fusion-flex-column-wrapper-legacy\"><div class=\"fusion-text fusion-text-1\"><h6><a href=\"\/\/mro.si\/en\/\">Home<\/a> \/ Accessibility<\/h6>\n<\/div><div class=\"fusion-sep-clear\"><\/div><div class=\"fusion-separator fusion-full-width-sep\" style=\"margin-left: auto;margin-right: auto;margin-top:5px;width:100%;\"><\/div><div class=\"fusion-sep-clear\"><\/div><div class=\"fusion-title title fusion-title-1 fusion-sep-none fusion-title-text fusion-title-size-two\" style=\"--awb-margin-top-small:0px;--awb-margin-right-small:0px;--awb-margin-bottom-small:0px;--awb-margin-left-small:0px;--awb-font-size:36px;\"><h2 class=\"fusion-title-heading title-heading-left fusion-responsive-typography-calculated\" style=\"margin:0;font-size:1em;--fontSize:36;line-height:1.06;\">Accessibility<\/h2><\/div><div class=\"fusion-sep-clear\"><\/div><div class=\"fusion-separator fusion-no-medium-visibility fusion-no-large-visibility fusion-full-width-sep\" style=\"margin-left: auto;margin-right: auto;margin-top:10px;margin-bottom:2px;width:100%;\"><\/div><div class=\"fusion-sep-clear\"><\/div><div class=\"fusion-clearfix\"><\/div><\/div><\/div><\/div><\/div><div class=\"fusion-fullwidth fullwidth-box fusion-builder-row-2 nonhundred-percent-fullwidth non-hundred-percent-height-scrolling\" style=\"--awb-border-radius-top-left:0px;--awb-border-radius-top-right:0px;--awb-border-radius-bottom-right:0px;--awb-border-radius-bottom-left:0px;--awb-flex-wrap:wrap;\" ><div class=\"fusion-builder-row fusion-row\"><div class=\"fusion-layout-column fusion_builder_column fusion-builder-column-1 fusion_builder_column_1_1 1_1 fusion-one-full fusion-column-first fusion-column-last\" style=\"--awb-bg-size:cover;\"><div class=\"fusion-column-wrapper fusion-column-has-shadow fusion-flex-column-wrapper-legacy\"><div class=\"fusion-sep-clear\"><\/div><div class=\"fusion-separator fusion-no-small-visibility fusion-full-width-sep\" style=\"margin-left: auto;margin-right: auto;margin-top:13px;margin-bottom:12px;width:100%;\"><\/div><div class=\"fusion-sep-clear\"><\/div><div class=\"fusion-sep-clear\"><\/div><div class=\"fusion-separator fusion-no-medium-visibility fusion-no-large-visibility fusion-full-width-sep\" style=\"margin-left: auto;margin-right: auto;margin-top:3px;margin-bottom:3px;width:100%;\"><\/div><div class=\"fusion-sep-clear\"><\/div><div class=\"fusion-builder-row fusion-builder-row-inner fusion-row\"><div class=\"fusion-layout-column fusion_builder_column_inner fusion-builder-nested-column-0 fusion_builder_column_inner_3_5 3_5 fusion-three-fifth fusion-column-first\" style=\"--awb-bg-size:cover;width:60%;width:calc(60% - ( ( 4% ) * 0.6 ) );margin-right: 4%;\"><div class=\"fusion-column-wrapper fusion-column-has-shadow fusion-flex-column-wrapper-legacy\"><div class=\"fusion-text fusion-text-2\"><p>At Radovljica Municipality Museums we strive to ensure <strong>access to cultural heritage<\/strong> to the widest possible audience. As it is our desire that everyone has access, we are continually improving accessibility and upgrading museum collections using a variety of adaptations and aids.<\/p>\n<\/div><div class=\"fusion-sep-clear\"><\/div><div class=\"fusion-separator fusion-full-width-sep\" style=\"margin-left: auto;margin-right: auto;margin-top:5px;margin-bottom:5px;width:100%;\"><\/div><div class=\"fusion-sep-clear\"><\/div><div class=\"fusion-title title fusion-title-2 fusion-sep-none fusion-title-text fusion-title-size-three\" style=\"--awb-text-color:#d02c71;--awb-margin-top-small:0px;--awb-margin-right-small:0px;--awb-margin-bottom-small:0px;--awb-margin-left-small:0px;\"><h3 class=\"fusion-title-heading title-heading-left fusion-responsive-typography-calculated\" style=\"margin:0;--fontSize:24;line-height:1.21;\">Access for People with Disabilities<\/h3><\/div><div class=\"fusion-sep-clear\"><\/div><div class=\"fusion-separator fusion-no-medium-visibility fusion-no-large-visibility fusion-full-width-sep\" style=\"margin-left: auto;margin-right: auto;margin-top:5px;margin-bottom:5px;width:100%;\"><\/div><div class=\"fusion-sep-clear\"><\/div><div class=\"fusion-sep-clear\"><\/div><div class=\"fusion-separator fusion-no-small-visibility fusion-full-width-sep\" style=\"margin-left: auto;margin-right: auto;margin-top:-10px;width:100%;\"><\/div><div class=\"fusion-sep-clear\"><\/div><div class=\"fusion-text fusion-text-3\"><p><strong>The Museum of Apiculture<\/strong> and <strong>the Municipal Museum<\/strong> are accessible to people with disabilities. Both museums are located on the first floor of the exquisite Baroque manor in the old town centre of Radovljica. A lift provides access to the first floor of the manor, while all the gallery areas are wheelchair accessible.<\/p>\n<\/div><div class=\"fusion-text fusion-text-4\"><p>Toilets for wheelchair visitors are accessible on the ground floor of the manor.<\/p>\n<\/div><div class=\"fusion-sep-clear\"><\/div><div class=\"fusion-separator fusion-full-width-sep\" style=\"margin-left: auto;margin-right: auto;margin-top:5px;margin-bottom:5px;width:100%;\"><\/div><div class=\"fusion-sep-clear\"><\/div><div class=\"fusion-title title fusion-title-3 fusion-sep-none fusion-title-text fusion-title-size-three\" style=\"--awb-text-color:#d02c71;--awb-margin-top-small:0px;--awb-margin-right-small:0px;--awb-margin-bottom-small:0px;--awb-margin-left-small:0px;\"><h3 class=\"fusion-title-heading title-heading-left fusion-responsive-typography-calculated\" style=\"margin:0;--fontSize:24;line-height:1.21;\">Blind and Partially Sighted People<\/h3><\/div><div class=\"fusion-sep-clear\"><\/div><div class=\"fusion-separator fusion-no-medium-visibility fusion-no-large-visibility fusion-full-width-sep\" style=\"margin-left: auto;margin-right: auto;margin-top:5px;margin-bottom:5px;width:100%;\"><\/div><div class=\"fusion-sep-clear\"><\/div><div class=\"fusion-sep-clear\"><\/div><div class=\"fusion-separator fusion-no-small-visibility fusion-full-width-sep\" style=\"margin-left: auto;margin-right: auto;margin-top:-10px;width:100%;\"><\/div><div class=\"fusion-sep-clear\"><\/div><div class=\"fusion-text fusion-text-5\"><p><strong>Magnifying glasses<\/strong> are available at the reception area of <strong>the Museum of Apiculture<\/strong> and <strong>the Municipal Museum.<\/strong><\/p>\n<\/div><div class=\"fusion-text fusion-text-6\"><p><strong>The Museum of Apiculture<\/strong> has numerous <strong>tactile objects<\/strong>, which enables blind and partially sighted visitors to learn about the most important museum exhibits and their stories. The museum also allows touching of selected original exhibits. The exhibition also features <strong>sound recordings<\/strong> and <strong>audio content<\/strong>.<\/p>\n<\/div><div class=\"fusion-text fusion-text-7\"><p><strong>A unique, tactile beehive frontal panel<\/strong> on a tablet computer is available (with a picture titled Lov\u010dev pogreb (Hunter\u2019s funeral)), which the Museum of Apiculture specially developed with the Slovenian company Feelif. Innovative technology of special tactile grid enables blind and partially sighted visitors to feel the picture on the beehive frontal panel through a combination of vibrations, sound and visual information.<\/p>\n<\/div><div class=\"fusion-text fusion-text-8\"><p><strong>The museum brochure in Braille<\/strong> is available at the following museums: <strong>Museum of Apiculture<\/strong>, <strong>Municipal Museum<\/strong>, <strong>Iron Forging Museum<\/strong>, <strong>Museum of Hostages<\/strong>. <strong>The Municipal Museum<\/strong> has <strong>a museum brochure in large print<\/strong> as well.<\/p>\n<\/div><div class=\"fusion-sep-clear\"><\/div><div class=\"fusion-separator fusion-full-width-sep\" style=\"margin-left: auto;margin-right: auto;margin-top:5px;margin-bottom:5px;width:100%;\"><\/div><div class=\"fusion-sep-clear\"><\/div><div class=\"fusion-title title fusion-title-4 fusion-sep-none fusion-title-text fusion-title-size-three\" style=\"--awb-text-color:#d02c71;--awb-margin-top-small:0px;--awb-margin-right-small:0px;--awb-margin-bottom-small:0px;--awb-margin-left-small:0px;\"><h3 class=\"fusion-title-heading title-heading-left fusion-responsive-typography-calculated\" style=\"margin:0;--fontSize:24;line-height:1.21;\">Deaf and Hard-on-hearing People<\/h3><\/div><div class=\"fusion-sep-clear\"><\/div><div class=\"fusion-separator fusion-no-medium-visibility fusion-no-large-visibility fusion-full-width-sep\" style=\"margin-left: auto;margin-right: auto;margin-top:5px;margin-bottom:5px;width:100%;\"><\/div><div class=\"fusion-sep-clear\"><\/div><div class=\"fusion-sep-clear\"><\/div><div class=\"fusion-separator fusion-no-small-visibility fusion-full-width-sep\" style=\"margin-left: auto;margin-right: auto;margin-top:-10px;width:100%;\"><\/div><div class=\"fusion-sep-clear\"><\/div><div class=\"fusion-text fusion-text-9\"><p><strong>All of our museum units<\/strong> are accessible to deaf and hard-of-hearing visitors, and, upon prior arrangement, <strong>guided tours can be organised in Slovenian sign language<\/strong>.<\/p>\n<\/div><div class=\"fusion-text fusion-text-10\"><p>For groups with special needs <strong>special adaptations<\/strong> and <strong>multisensory guided tours<\/strong> can be organised of all our units. Since we strive to offer all visitors the best possible experience of a visit to our museums, we request that you inform us in advance of your needs and requirements so that we are able to fulfil your expectations as far as possible. For additional information and prior bookings, please contact:<\/p>\n<\/div><div class=\"fusion-text fusion-text-11\"><p>Jerneja Jelov\u010dan Koselj<br \/>\nEmail: mro@mro.si<br \/>\nPhone: +386 45 32 05 20<\/p>\n<\/div><div class=\"fusion-text fusion-text-12\"><p>All visitors with special needs, as well as their companions, have free entry.<br \/>\nGuide dogs are allowed.<\/p>\n<\/div><div class=\"fusion-clearfix\"><\/div><\/div><\/div><div class=\"fusion-layout-column fusion_builder_column_inner fusion-builder-nested-column-1 fusion_builder_column_inner_2_5 2_5 fusion-two-fifth fusion-column-last\" style=\"--awb-bg-size:cover;width:40%;width:calc(40% - ( ( 4% ) * 0.4 ) );\"><div class=\"fusion-column-wrapper fusion-column-has-shadow fusion-flex-column-wrapper-legacy\"><div class=\"fusion-image-element in-legacy-container\" style=\"--awb-caption-title-font-family:var(--h2_typography-font-family);--awb-caption-title-font-weight:var(--h2_typography-font-weight);--awb-caption-title-font-style:var(--h2_typography-font-style);--awb-caption-title-size:var(--h2_typography-font-size);--awb-caption-title-transform:var(--h2_typography-text-transform);--awb-caption-title-line-height:var(--h2_typography-line-height);--awb-caption-title-letter-spacing:var(--h2_typography-letter-spacing);\"><span class=\" fusion-imageframe imageframe-none imageframe-1 hover-type-none\"><a href=\"http:\/\/petrap.webfactional.com\/wp-content\/uploads\/2020\/02\/dostopnost-4-1.jpg\" class=\"fusion-lightbox\" data-rel=\"iLightbox[fb8fa31af92173dec58]\" data-title=\"Tactile objects for blind and partially sighted people. Foto credit: Marija Skodlar\u00a0\" title=\"Tactile objects for blind and partially sighted people. Foto credit: Marija Skodlar\u00a0\"><img decoding=\"async\" width=\"1500\" height=\"1000\" alt=\"Tipni predmeti za slepe in slabovidne. Foto: Marija Skodlar\" src=\"https:\/\/www.mro.si\/mro20\/wp-content\/uploads\/2020\/02\/dostopnost-4-1.jpg\" class=\"img-responsive wp-image-5194\" srcset=\"https:\/\/mro.si\/mro20\/wp-content\/uploads\/2020\/02\/dostopnost-4-1-200x133.jpg 200w, https:\/\/mro.si\/mro20\/wp-content\/uploads\/2020\/02\/dostopnost-4-1-400x267.jpg 400w, https:\/\/mro.si\/mro20\/wp-content\/uploads\/2020\/02\/dostopnost-4-1-600x400.jpg 600w, https:\/\/mro.si\/mro20\/wp-content\/uploads\/2020\/02\/dostopnost-4-1-800x533.jpg 800w, https:\/\/mro.si\/mro20\/wp-content\/uploads\/2020\/02\/dostopnost-4-1-1200x800.jpg 1200w, https:\/\/mro.si\/mro20\/wp-content\/uploads\/2020\/02\/dostopnost-4-1.jpg 1500w\" sizes=\"(max-width: 1000px) 100vw, 1500px\" \/><\/a><\/span><\/div><div class=\"fusion-sep-clear\"><\/div><div class=\"fusion-separator fusion-full-width-sep\" style=\"margin-left: auto;margin-right: auto;margin-top:0px;margin-bottom:3px;width:100%;\"><\/div><div class=\"fusion-sep-clear\"><\/div><div class=\"fusion-text fusion-text-13\"><h5><em>Tactile objects for blind and partially sighted people. Foto credit: Marija Skodlar\u00a0<\/em><\/h5>\n<\/div><div class=\"fusion-sep-clear\"><\/div><div class=\"fusion-separator fusion-full-width-sep\" style=\"margin-left: auto;margin-right: auto;margin-top:5px;margin-bottom:5px;width:100%;\"><\/div><div class=\"fusion-sep-clear\"><\/div><div class=\"fusion-image-element in-legacy-container\" style=\"--awb-caption-title-font-family:var(--h2_typography-font-family);--awb-caption-title-font-weight:var(--h2_typography-font-weight);--awb-caption-title-font-style:var(--h2_typography-font-style);--awb-caption-title-size:var(--h2_typography-font-size);--awb-caption-title-transform:var(--h2_typography-text-transform);--awb-caption-title-line-height:var(--h2_typography-line-height);--awb-caption-title-letter-spacing:var(--h2_typography-letter-spacing);\"><span class=\" fusion-imageframe imageframe-none imageframe-2 hover-type-none\"><a href=\"http:\/\/petrap.webfactional.com\/wp-content\/uploads\/2020\/02\/panjska-koncnica.png\" class=\"fusion-lightbox\" data-rel=\"iLightbox[906af81e6143ef77332]\" data-caption=\"Tipna slika panjske kon\u010dnice z motivom Lov\u010dev pogreb; \u017divali nesejo lovca k pogrebu, ki jo slepi lahko ob\u010dutijo.\" data-title=\"Painted beehive frontal panel\" title=\"Painted beehive frontal panel\"><img decoding=\"async\" width=\"1500\" height=\"590\" alt=\"Tipna panjska kon\u010dnica\" src=\"https:\/\/www.mro.si\/mro20\/wp-content\/uploads\/2020\/02\/panjska-koncnica.png\" class=\"img-responsive wp-image-5137\" srcset=\"https:\/\/mro.si\/mro20\/wp-content\/uploads\/2020\/02\/panjska-koncnica-200x79.png 200w, https:\/\/mro.si\/mro20\/wp-content\/uploads\/2020\/02\/panjska-koncnica-400x157.png 400w, https:\/\/mro.si\/mro20\/wp-content\/uploads\/2020\/02\/panjska-koncnica-600x236.png 600w, https:\/\/mro.si\/mro20\/wp-content\/uploads\/2020\/02\/panjska-koncnica-800x315.png 800w, https:\/\/mro.si\/mro20\/wp-content\/uploads\/2020\/02\/panjska-koncnica-1200x472.png 1200w, https:\/\/mro.si\/mro20\/wp-content\/uploads\/2020\/02\/panjska-koncnica.png 1500w\" sizes=\"(max-width: 1000px) 100vw, 1500px\" \/><\/a><\/span><\/div><div class=\"fusion-sep-clear\"><\/div><div class=\"fusion-separator fusion-full-width-sep\" style=\"margin-left: auto;margin-right: auto;margin-top:0px;margin-bottom:3px;width:100%;\"><\/div><div class=\"fusion-sep-clear\"><\/div><div class=\"fusion-text fusion-text-14\"><h5><em>Painted beehive frontal panel entitled Hunter&#8217;s Funeral; Animals Carry the Hunter to the Funeral on touchscreen device that allows the blind to feel the picture.<\/em><\/h5>\n<\/div><div class=\"fusion-sep-clear\"><\/div><div class=\"fusion-separator fusion-full-width-sep\" style=\"margin-left: auto;margin-right: auto;margin-top:5px;margin-bottom:5px;width:100%;\"><\/div><div class=\"fusion-sep-clear\"><\/div><div class=\"fusion-image-element in-legacy-container\" style=\"--awb-caption-title-font-family:var(--h2_typography-font-family);--awb-caption-title-font-weight:var(--h2_typography-font-weight);--awb-caption-title-font-style:var(--h2_typography-font-style);--awb-caption-title-size:var(--h2_typography-font-size);--awb-caption-title-transform:var(--h2_typography-text-transform);--awb-caption-title-line-height:var(--h2_typography-line-height);--awb-caption-title-letter-spacing:var(--h2_typography-letter-spacing);\"><span class=\" fusion-imageframe imageframe-none imageframe-3 hover-type-none\"><a href=\"http:\/\/petrap.webfactional.com\/wp-content\/uploads\/2020\/02\/dostopnost-5.jpg\" class=\"fusion-lightbox\" data-rel=\"iLightbox[5edc7dd71141200f34d]\" data-title=\"Guided tour in Slovenian sign language. Foto credit: Marija Skodlar\" title=\"Guided tour in Slovenian sign language. Foto credit: Marija Skodlar\"><img decoding=\"async\" width=\"1063\" height=\"1500\" src=\"https:\/\/www.mro.si\/mro20\/wp-content\/uploads\/2020\/02\/dostopnost-5.jpg\" alt class=\"img-responsive wp-image-5196\" srcset=\"https:\/\/mro.si\/mro20\/wp-content\/uploads\/2020\/02\/dostopnost-5-200x282.jpg 200w, https:\/\/mro.si\/mro20\/wp-content\/uploads\/2020\/02\/dostopnost-5-400x564.jpg 400w, https:\/\/mro.si\/mro20\/wp-content\/uploads\/2020\/02\/dostopnost-5-600x847.jpg 600w, https:\/\/mro.si\/mro20\/wp-content\/uploads\/2020\/02\/dostopnost-5-800x1129.jpg 800w, https:\/\/mro.si\/mro20\/wp-content\/uploads\/2020\/02\/dostopnost-5.jpg 1063w\" sizes=\"(max-width: 1000px) 100vw, 1063px\" \/><\/a><\/span><\/div><div class=\"fusion-sep-clear\"><\/div><div class=\"fusion-separator fusion-full-width-sep\" style=\"margin-left: auto;margin-right: auto;margin-top:0px;margin-bottom:3px;width:100%;\"><\/div><div class=\"fusion-sep-clear\"><\/div><div class=\"fusion-text fusion-text-15\"><h5><em>Guided tour in Slovenian sign language. Foto credit: Marija Skodlar<\/em><\/h5>\n<\/div><div class=\"fusion-clearfix\"><\/div><\/div><\/div><\/div><div class=\"fusion-clearfix\"><\/div><\/div><\/div><\/div><\/div><\/p>\n","protected":false},"excerpt":{"rendered":"","protected":false},"author":1,"featured_media":5194,"parent":0,"menu_order":0,"comment_status":"closed","ping_status":"closed","template":"100-width.php","meta":{"footnotes":""},"class_list":["post-5143","page","type-page","status-publish","has-post-thumbnail","hentry"],"_links":{"self":[{"href":"https:\/\/mro.si\/en\/wp-json\/wp\/v2\/pages\/5143","targetHints":{"allow":["GET"]}}],"collection":[{"href":"https:\/\/mro.si\/en\/wp-json\/wp\/v2\/pages"}],"about":[{"href":"https:\/\/mro.si\/en\/wp-json\/wp\/v2\/types\/page"}],"author":[{"embeddable":true,"href":"https:\/\/mro.si\/en\/wp-json\/wp\/v2\/users\/1"}],"replies":[{"embeddable":true,"href":"https:\/\/mro.si\/en\/wp-json\/wp\/v2\/comments?post=5143"}],"version-history":[{"count":0,"href":"https:\/\/mro.si\/en\/wp-json\/wp\/v2\/pages\/5143\/revisions"}],"wp:featuredmedia":[{"embeddable":true,"href":"https:\/\/mro.si\/en\/wp-json\/wp\/v2\/media\/5194"}],"wp:attachment":[{"href":"https:\/\/mro.si\/en\/wp-json\/wp\/v2\/media?parent=5143"}],"curies":[{"name":"wp","href":"https:\/\/api.w.org\/{rel}","templated":true}]}}